{"id":18837,"date":"2024-04-23T15:19:23","date_gmt":"2024-04-23T15:19:23","guid":{"rendered":"https:\/\/formations-pierre-flamion.com\/?page_id=18837"},"modified":"2025-09-18T19:26:51","modified_gmt":"2025-09-18T19:26:51","slug":"mentions-legales","status":"publish","type":"page","link":"https:\/\/formations-pierre-flamion.com\/en\/mentions-legales\/","title":{"rendered":"Mentions l\u00e9gales"},"content":{"rendered":"<div data-elementor-type=\"wp-page\" data-elementor-id=\"18837\" class=\"elementor elementor-18837\">\n\t\t\t\t<div class=\"elementor-element elementor-element-ce5d522 e-flex e-con-boxed e-con e-parent\" data-id=\"ce5d522\" data-element_type=\"container\">\n\t\t\t\t\t<div class=\"e-con-inner\">\n\t\t\t\t<div class=\"elementor-element elementor-element-f2f6ae9 elementor-widget elementor-widget-heading\" data-id=\"f2f6ae9\" data-element_type=\"widget\" data-widget_type=\"heading.default\">\n\t\t\t\t<div class=\"elementor-widget-container\">\n\t\t\t<h2 class=\"elementor-heading-title elementor-size-default\">Mentions l\u00e9gales<\/h2>\t\t<\/div>\n\t\t\t\t<\/div>\n\t\t\t\t<div class=\"elementor-element elementor-element-0ddaa38 elementor-widget elementor-widget-text-editor\" data-id=\"0ddaa38\" data-element_type=\"widget\" data-widget_type=\"text-editor.default\">\n\t\t\t\t<div class=\"elementor-widget-container\">\n\t\t\t\t\t\t\t<p>Le pr\u00e9sent site Web est \u00e9dit\u00e9 par :<\/p><p><strong>Formations Pierre Flamion<\/strong><\/p><p>Madame Coralie Flamion<br \/>232 Rue de la Tour<br \/>84200 Carpentras<\/p><p>Le directeur de la publication du site Web www.formations-pierre-flamion.com<\/p><p>est Madame Coralie Flamion.<\/p><p>Adresse de courrier \u00e9lectronique :\u00a0<b>contact@formations-pierre-flamion.com<\/b><br \/>T\u00e9l :<strong>\u00a0+33 (0)4 67 00 00 47<\/strong><\/p><p>Le prestataire assurant le stockage direct et permanent est :<br \/>Oatis Cr\u00e9ations<br \/>42, Rue du Bourbonnais<br \/>69009 LYON \u2013 France<br \/>T\u00e9l. : +33 (0)7 83 68 35 05<\/p><h3 data-fontsize=\"29\" data-lineheight=\"49\">PROPRI\u00c9T\u00c9 INTELLECTUELLE<\/h3><p>Le Site est une \u0153uvre de l\u2019esprit prot\u00e9g\u00e9 par le droit de la propri\u00e9t\u00e9 intellectuelle.<\/p><p>Le Site et chacun des \u00e9l\u00e9ments qui le composent (tels que les marques d\u00e9pos\u00e9es, les logos, les noms de domaine, les textes\u2026) sont la propri\u00e9t\u00e9 exclusive des\u00a0<b>Formations Pierre Flamion<\/b>, seule habilit\u00e9e \u00e0 utiliser les droits de propri\u00e9t\u00e9 intellectuelle. En acc\u00e9dant au Site, il est donc conc\u00e9d\u00e9 \u00e0 l\u2019Utilisateur une licence d\u2019utilisation limit\u00e9e du contenu du Site, non exclusive et pour son usage priv\u00e9 uniquement. Ainsi, la reproduction de tous documents publi\u00e9s sur le Site est seulement autoris\u00e9e aux fins exclusives d\u2019information et pour un usage strictement personnel et priv\u00e9.<\/p><p>Il est pr\u00e9cis\u00e9 que les photos figurant dans le descriptif sont seulement descriptives et non contractuelles.<\/p><p>Toute reproduction, modification int\u00e9grale ou partielle du Site ou de l\u2019un quelconque des \u00e9l\u00e9ments qui le composent, sur quelque support que ce soit, \u00e0 d\u2019autres fins, que l\u2019usage personnel et priv\u00e9, et notamment commerciales, est express\u00e9ment interdite, \u00e0 moins d\u2019avoir obtenu l\u2019autorisation \u00e9crite et pr\u00e9alable des\u00a0<b>Formations Pierre Flamion<\/b>.<\/p><h3 data-fontsize=\"29\" data-lineheight=\"49\">DONN\u00c9ES PERSONNELLES<\/h3><p>Soucieux du respect de la vie priv\u00e9e du Client et de la protection des informations transmises par l\u2019Utilisateur, les\u00a0<b>Formations Pierre Flamion\u00a0<\/b>respectent la l\u00e9gislation en vigueur en mati\u00e8re de protection de la vie priv\u00e9e. Conform\u00e9ment \u00e0 la loi n\u00b078-17 du 6 janvier 1978, dite \u00abInformatique et libert\u00e9s\u00bb. Les\u00a0<b>Formations Pierre Flamion<\/b>\u00a0pourront adresser \u00e0 l\u2019Utilisateur, par courrier \u00e9lectronique dit de \u00ab\u00a0prospection\u00a0\u00bb, des informations permettant \u00e0 l\u2019Utilisateur de mieux conna\u00eetre le Site, de mieux l\u2019utiliser et de mieux conna\u00eetre les offres propos\u00e9e.<\/p><p>Sous r\u00e9serve d\u2019avoir obtenu son consentement pr\u00e9alable, Les\u00a0<b>Formations Pierre Flamion<\/b>\u00a0pourront \u00e9galement \u00eatre amen\u00e9es \u00e0 transf\u00e9rer des donn\u00e9es concernant l\u2019Utilisateur \u00e0 des tiers parmi lesquels figurent ses Partenaires.<\/p><p>L\u2019Utilisateur dispose d\u2019un droit d\u2019acc\u00e8s, de rectification et de suppression des donn\u00e9es personnelles le concernant. Le Client peut exercer ce droit en envoyant un courrier \u00e0 l\u2019adresse suivante :\u00a0<b>Formations Pierre Flamion<\/b>\u00a0au<b>\u00a0<\/b>643 route d\u2019Aubignan,\u00a084260 Sarrians (Vaucluse).<\/p><h3 data-fontsize=\"29\" data-lineheight=\"49\">UTILISATION DU SITE<\/h3><p>Les<b>\u00a0Formations Pierre Flamion\u00a0<\/b>s\u2019efforcent, au mieux de ses possibilit\u00e9s, de mettre \u00e0 jour le contenu du Site et de d\u00e9livrer aux Utilisateurs des informations exactes et les plus pr\u00e9cises et compl\u00e8tes possible. Toutefois, il pourra arriver que certaines informations pr\u00e9sentes sur le Site soient d\u00e9su\u00e8tes ou inexactes.<\/p><p>Les<b>\u00a0Formations Pierre Flamion<\/b>\u00a0se r\u00e9servent le droit, \u00e0 tout moment et sans pr\u00e9avis, de mettre \u00e0 jour ou supprimer tout ou partie du contenu de ce Site, notamment afin de respecter toute nouvelle r\u00e9glementation ou l\u00e9gislation.<\/p><h3 data-fontsize=\"29\" data-lineheight=\"49\">RESPONSABILIT\u00c9<\/h3><p>Les<b>\u00a0Formations Pierre Flamion<\/b>\u00a0s\u2019efforcent de maintenir accessible le Site, sans pour autant \u00eatre tenue \u00e0 aucune obligation d\u2019y parvenir. Il est pr\u00e9cis\u00e9 qu\u2019\u00e0 des fins notamment de maintenance, de mise \u00e0 jour et pour toutes autres raisons notamment d\u2019ordre technique, ind\u00e9pendante de la volont\u00e9 des<b>\u00a0Formations Pierre Flamion<\/b>, telles que la coupure de r\u00e9seaux t\u00e9l\u00e9phoniques, la surcharge du Site, une panne\u2026, l\u2019acc\u00e8s au Site pourra \u00eatre interrompu. Les<b>\u00a0Formations Pierre Flamion\u00a0<\/b>n\u2019ont, par cons\u00e9quent, en aucun cas responsable de ces interruptions et des cons\u00e9quences qui peuvent en r\u00e9sulter pour l\u2019Utilisateur.<\/p><p>Les<b>\u00a0Formations Pierre Flamion\u00a0<\/b>ne pourront voir sa responsabilit\u00e9 engag\u00e9e quant aux dommages r\u00e9sultant de virus, de l\u2019intrusion frauduleuse d\u2019un tiers ayant entra\u00een\u00e9s une modification des dites donn\u00e9es, de bugs, quels qu\u2019en soit la forme, de tout programme ou application qui serait incompatible avec le mat\u00e9riel ou les logiciels utilis\u00e9s par l\u2019Utilisateur et quant aux dommages subis par l\u2019Utilisateur par le fait d\u2019une n\u00e9gligence ou faute de sa part ou de tout tiers.<\/p><h3 data-fontsize=\"29\" data-lineheight=\"49\">DROIT APPLICABLE<\/h3><p>La loi r\u00e9gissant les pr\u00e9sentes conditions d\u2019utilisation du Site est la loi fran\u00e7aise pour tous les litiges relatifs, notamment, \u00e0 leur validit\u00e9, leur interpr\u00e9tation, leur ex\u00e9cution ou leur r\u00e9siliation. Tout litige relatif notamment \u00e0 l\u2019interpr\u00e9tation des mentions l\u00e9gales rel\u00e8ve de la comp\u00e9tence pleine et enti\u00e8re des tribunaux fran\u00e7ais.<\/p>\t\t\t\t\t\t<\/div>\n\t\t\t\t<\/div>\n\t\t\t\t\t<\/div>\n\t\t\t\t<\/div>\n\t\t\t\t<\/div>","protected":false},"excerpt":{"rendered":"<p> [&hellip;]<\/p>\n","protected":false},"author":1,"featured_media":0,"parent":0,"menu_order":0,"comment_status":"closed","ping_status":"closed","template":"","meta":{"_monsterinsights_skip_tracking":false,"_monsterinsights_sitenote_active":false,"_monsterinsights_sitenote_note":"","_monsterinsights_sitenote_category":0,"footnotes":""},"class_list":["post-18837","page","type-page","status-publish","hentry"],"acf":[],"_links":{"self":[{"href":"https:\/\/formations-pierre-flamion.com\/en\/wp-json\/wp\/v2\/pages\/18837","targetHints":{"allow":["GET"]}}],"collection":[{"href":"https:\/\/formations-pierre-flamion.com\/en\/wp-json\/wp\/v2\/pages"}],"about":[{"href":"https:\/\/formations-pierre-flamion.com\/en\/wp-json\/wp\/v2\/types\/page"}],"author":[{"embeddable":true,"href":"https:\/\/formations-pierre-flamion.com\/en\/wp-json\/wp\/v2\/users\/1"}],"replies":[{"embeddable":true,"href":"https:\/\/formations-pierre-flamion.com\/en\/wp-json\/wp\/v2\/comments?post=18837"}],"version-history":[{"count":21,"href":"https:\/\/formations-pierre-flamion.com\/en\/wp-json\/wp\/v2\/pages\/18837\/revisions"}],"predecessor-version":[{"id":19549,"href":"https:\/\/formations-pierre-flamion.com\/en\/wp-json\/wp\/v2\/pages\/18837\/revisions\/19549"}],"wp:attachment":[{"href":"https:\/\/formations-pierre-flamion.com\/en\/wp-json\/wp\/v2\/media?parent=18837"}],"curies":[{"name":"wp","href":"https:\/\/api.w.org\/{rel}","templated":true}]}}