{"id":18,"date":"2019-05-27T03:24:13","date_gmt":"2019-05-27T03:24:13","guid":{"rendered":"http:\/\/bdevs.net\/theme\/medidove\/?page_id=18"},"modified":"2025-09-12T16:15:01","modified_gmt":"2025-09-12T16:15:01","slug":"contact","status":"publish","type":"page","link":"https:\/\/formations-pierre-flamion.com\/en\/contact\/","title":{"rendered":"Contact"},"content":{"rendered":"<div data-elementor-type=\"wp-post\" data-elementor-id=\"18\" class=\"elementor elementor-18\">\n\t\t\t\t\t\t<section class=\"elementor-section elementor-top-section elementor-element elementor-element-03af5f6 elementor-section-full_width elementor-section-height-default elementor-section-height-default\" data-id=\"03af5f6\" data-element_type=\"section\">\n\t\t\t\t\t\t<div class=\"elementor-container elementor-column-gap-no\">\n\t\t\t\t\t<div class=\"elementor-column elementor-col-100 elementor-top-column elementor-element elementor-element-92e40ef\" data-id=\"92e40ef\" data-element_type=\"column\">\n\t\t\t<div class=\"elementor-widget-wrap elementor-element-populated\">\n\t\t\t\t\t\t<div class=\"elementor-element elementor-element-c4a555a elementor-align-left elementor-widget elementor-widget-bdevs-contact-info\" data-id=\"c4a555a\" data-element_type=\"widget\" data-widget_type=\"bdevs-contact-info.default\">\n\t\t\t\t<div class=\"elementor-widget-container\">\n\t\t\t\r\n\t   \t<section class=\"contact-area\">\r\n            <div class=\"container\">\r\n                <div class=\"row\">\r\n\t\t\t\t\t                    <div class=\"col-xl-4 col-lg-4 col-md-4\">\r\n                        <div class=\"contact text-center bdevs-el-content mb-30\">\r\n                        \t                            \t<i class=\"bdevs-el-video fas fa-envelope\"><\/i>\r\n                        \t\t\r\n                            \t\t\t\t\t\t\t\t<h3 class=\"bdevs-el-title\">E-mail<\/h3>\r\n\t\t\t\t\t\t\t\t\r\n\r\n                            \t\t\t\t\t\t\t\t<p class=\"bdevs-el-subtitle\">contact@formations-pierre-flamion.com\n<br><br><\/p>\r\n\t\t\t\t\t\t\t\t\r\n                        <\/div>\r\n                    <\/div>\r\n                                        <div class=\"col-xl-4 col-lg-4 col-md-4\">\r\n                        <div class=\"contact text-center bdevs-el-content mb-30\">\r\n                        \t                            \t<i class=\"bdevs-el-video fas fa-phone\"><\/i>\r\n                        \t\t\r\n                            \t\t\t\t\t\t\t\t<h3 class=\"bdevs-el-title\">T\u00e9l\u00e9phone<\/h3>\r\n\t\t\t\t\t\t\t\t\r\n\r\n                            \t\t\t\t\t\t\t\t<p class=\"bdevs-el-subtitle\">+33(0)4 65 00 00 47\n<br><br><br><\/p>\r\n\t\t\t\t\t\t\t\t\r\n                        <\/div>\r\n                    <\/div>\r\n                                        <div class=\"col-xl-4 col-lg-4 col-md-4\">\r\n                        <div class=\"contact text-center bdevs-el-content mb-30\">\r\n                        \t                            \t<i class=\"bdevs-el-video fas fa-map-marker-alt\"><\/i>\r\n                        \t\t\r\n                            \t\t\t\t\t\t\t\t<h3 class=\"bdevs-el-title\">Localisation<\/h3>\r\n\t\t\t\t\t\t\t\t\r\n\r\n                            \t\t\t\t\t\t\t\t<p class=\"bdevs-el-subtitle\">FORMATIONS Pierre Flamion<br>\n232 Rue de la Tour <br>\n84200 Carpentras<\/p>\r\n\t\t\t\t\t\t\t\t\r\n                        <\/div>\r\n                    <\/div>\r\n                    \t\r\n                <\/div>\r\n            <\/div>\r\n        <\/section>\r\n        \t\r\n\t\t\t<\/div>\n\t\t\t\t<\/div>\n\t\t\t\t\t<\/div>\n\t\t<\/div>\n\t\t\t\t\t<\/div>\n\t\t<\/section>\n\t\t\t\t<section class=\"elementor-section elementor-top-section elementor-element elementor-element-e76ed49 elementor-section-boxed elementor-section-height-default elementor-section-height-default\" data-id=\"e76ed49\" data-element_type=\"section\" data-settings=\"{&quot;background_background&quot;:&quot;classic&quot;}\">\n\t\t\t\t\t\t<div class=\"elementor-container elementor-column-gap-default\">\n\t\t\t\t\t<div class=\"elementor-column elementor-col-100 elementor-top-column elementor-element elementor-element-5b9c9a6\" data-id=\"5b9c9a6\" data-element_type=\"column\">\n\t\t\t<div class=\"elementor-widget-wrap elementor-element-populated\">\n\t\t\t\t\t\t<div class=\"elementor-element elementor-element-b9c803c elementor-align-center elementor-widget elementor-widget-bdevs-heading\" data-id=\"b9c803c\" data-element_type=\"widget\" data-widget_type=\"bdevs-heading.default\">\n\t\t\t\t<div class=\"elementor-widget-container\">\n\t\t\t\t\t\t<div class=\"section-title pos-rel tp-el-content\">\r\n\r\n\t\t\t\t\r\n\t\t\t\t<div class=\"section-text pos-rel\">\r\n\t\t\t\t\t\r\n\t\t\t\t\t<h2 class=\"sec-title tp-el-title\">Formulaire de contact<\/h2>\r\n\t\t\t\t\t\t\t\t\t<\/div>\r\n\r\n\t\t\t\t\t\t\t<\/div>\r\n\r\n\t\t\t\t<\/div>\n\t\t\t\t<\/div>\n\t\t\t\t<div class=\"elementor-element elementor-element-c235ed4 elementor-widget elementor-widget-text-editor\" data-id=\"c235ed4\" data-element_type=\"widget\" data-widget_type=\"text-editor.default\">\n\t\t\t\t<div class=\"elementor-widget-container\">\n\t\t\t\t\t\t\t<p>Les r\u00e9ponses aux questions pos\u00e9es dans ce formulaire sont n\u00e9cessaires pour assurer le traitement de votre demande.<\/p><p><strong>Nous nous engageons \u00e0 vous r\u00e9pondre sous 48 heures.<\/strong><\/p><p><strong>Pour les personnes en situation de handicap, merci de nous contacter.<\/strong><\/p><p>Conform\u00e9ment aux dispositions de la \u00ab loi Informatique et libert\u00e9s \u00bb du 6 janvier 1978 modifi\u00e9e en 2004, vous disposez d\u2019un droit d\u2019acc\u00e8s, de rectification et de suppression des donn\u00e9es \u00e0 caract\u00e8re personnel vous concernant.<\/p>\t\t\t\t\t\t<\/div>\n\t\t\t\t<\/div>\n\t\t\t\t\t<\/div>\n\t\t<\/div>\n\t\t\t\t\t<\/div>\n\t\t<\/section>\n\t\t\t\t<section class=\"elementor-section elementor-top-section elementor-element elementor-element-8d0a493 elementor-section-full_width elementor-section-height-default elementor-section-height-default\" data-id=\"8d0a493\" data-element_type=\"section\">\n\t\t\t\t\t\t<div class=\"elementor-container elementor-column-gap-no\">\n\t\t\t\t\t<div class=\"elementor-column elementor-col-100 elementor-top-column elementor-element elementor-element-b778736\" data-id=\"b778736\" data-element_type=\"column\">\n\t\t\t<div class=\"elementor-widget-wrap elementor-element-populated\">\n\t\t\t\t\t\t<div class=\"elementor-element elementor-element-a35301f elementor-align-left elementor-widget elementor-widget-bdevs-contact\" data-id=\"a35301f\" data-element_type=\"widget\" data-widget_type=\"bdevs-contact.default\">\n\t\t\t\t<div class=\"elementor-widget-container\">\n\t\t\t\r\n        <section class=\"contact-form-area\">\r\n            <div class=\"container\">\r\n                <div class=\"form-wrapper\">\r\n                    <div id=\"contact-form\" class=\"contact-form\">\r\n                    \t\n<div class=\"wpcf7 no-js\" id=\"wpcf7-f405-o1\" lang=\"en-US\" dir=\"ltr\" data-wpcf7-id=\"405\">\n<div class=\"screen-reader-response\"><p role=\"status\" aria-live=\"polite\" aria-atomic=\"true\"><\/p> <ul><\/ul><\/div>\n<form action=\"\/en\/wp-json\/wp\/v2\/pages\/18#wpcf7-f405-o1\" method=\"post\" class=\"wpcf7-form init\" aria-label=\"Contact form\" novalidate=\"novalidate\" data-status=\"init\" data-trp-original-action=\"\/en\/wp-json\/wp\/v2\/pages\/18#wpcf7-f405-o1\">\n<fieldset class=\"hidden-fields-container\"><input type=\"hidden\" name=\"_wpcf7\" value=\"405\" \/><input type=\"hidden\" name=\"_wpcf7_version\" value=\"6.1.5\" \/><input type=\"hidden\" name=\"_wpcf7_locale\" value=\"en_US\" \/><input type=\"hidden\" name=\"_wpcf7_unit_tag\" value=\"wpcf7-f405-o1\" \/><input type=\"hidden\" name=\"_wpcf7_container_post\" value=\"0\" \/><input type=\"hidden\" name=\"_wpcf7_posted_data_hash\" value=\"\" \/><input type=\"hidden\" name=\"_wpcf7cf_hidden_group_fields\" value=\"[]\" \/><input type=\"hidden\" name=\"_wpcf7cf_hidden_groups\" value=\"[]\" \/><input type=\"hidden\" name=\"_wpcf7cf_visible_groups\" value=\"[]\" \/><input type=\"hidden\" name=\"_wpcf7cf_repeaters\" value=\"[]\" \/><input type=\"hidden\" name=\"_wpcf7cf_steps\" value=\"{}\" \/><input type=\"hidden\" name=\"_wpcf7cf_options\" value=\"{&quot;form_id&quot;:405,&quot;conditions&quot;:[],&quot;settings&quot;:{&quot;animation&quot;:&quot;yes&quot;,&quot;animation_intime&quot;:200,&quot;animation_outtime&quot;:200,&quot;conditions_ui&quot;:&quot;normal&quot;,&quot;notice_dismissed&quot;:false,&quot;notice_dismissed_rollback-cf7-6.0.6&quot;:true}}\" \/><input type=\"hidden\" name=\"_wpcf7_recaptcha_response\" value=\"\" \/>\n<\/fieldset>\n<div class=\"row\">\n\t<div class=\"col-lg-12\">\n\t\t<div class=\"form-box user-icon mb-30\">\n\t\t\t<p><span class=\"wpcf7-form-control-wrap\" data-name=\"nomEtablissement\"><input size=\"40\" maxlength=\"400\" class=\"wpcf7-form-control wpcf7-text wpcf7-validates-as-required\" aria-required=\"true\" aria-invalid=\"false\" placeholder=\"Nom de l&#039;\u00e9tablissement\" value=\"\" type=\"text\" name=\"nomEtablissement\" \/><\/span>\n\t\t\t<\/p>\n\t\t<\/div>\n\t<\/div>\n\t<div class=\"col-lg-6\">\n\t\t<div class=\"form-box user-icon mb-30\">\n\t\t\t<p><span class=\"wpcf7-form-control-wrap\" data-name=\"YourName\"><input size=\"40\" maxlength=\"400\" class=\"wpcf7-form-control wpcf7-text wpcf7-validates-as-required\" aria-required=\"true\" aria-invalid=\"false\" placeholder=\"Nom*\" value=\"\" type=\"text\" name=\"YourName\" \/><\/span>\n\t\t\t<\/p>\n\t\t<\/div>\n\t<\/div>\n\t<div class=\"col-lg-6\">\n\t\t<div class=\"form-box user-icon mb-30\">\n\t\t\t<p><span class=\"wpcf7-form-control-wrap\" data-name=\"prenom\"><input size=\"40\" maxlength=\"400\" class=\"wpcf7-form-control wpcf7-text wpcf7-validates-as-required\" aria-required=\"true\" aria-invalid=\"false\" placeholder=\"Pr\u00e9nom*\" value=\"\" type=\"text\" name=\"prenom\" \/><\/span>\n\t\t\t<\/p>\n\t\t<\/div>\n\t<\/div>\n\t<div class=\"col-xl-6\">\n\t\t<div class=\"form-box contact-mail mb-30\">\n\t\t\t<p><span class=\"wpcf7-form-control-wrap\" data-name=\"email\"><input size=\"40\" maxlength=\"400\" class=\"wpcf7-form-control wpcf7-email wpcf7-validates-as-required wpcf7-text wpcf7-validates-as-email\" aria-required=\"true\" aria-invalid=\"false\" placeholder=\"Entrez votre e-mail*\" value=\"\" type=\"email\" name=\"email\" \/><\/span>\n\t\t\t<\/p>\n\t\t<\/div>\n\t<\/div>\n\t<div class=\"col-xl-6\">\n\t\t<div class=\"form-box contact-tel mb-30\">\n\t\t\t<p><span class=\"wpcf7-form-control-wrap\" data-name=\"tel\"><input size=\"40\" maxlength=\"400\" class=\"wpcf7-form-control wpcf7-tel wpcf7-validates-as-required wpcf7-text wpcf7-validates-as-tel\" aria-required=\"true\" aria-invalid=\"false\" placeholder=\"Entrez votre t\u00e9l\u00e9phone*\" value=\"\" type=\"tel\" name=\"tel\" \/><\/span>\n\t\t\t<\/p>\n\t\t<\/div>\n\t<\/div>\n\t<div class=\"col-lg-12\">\n\t\t<div class=\"form-box subject-icon mb-30\">\n\t\t\t<p><span class=\"wpcf7-form-control-wrap\" data-name=\"YourSubject\"><input size=\"40\" maxlength=\"400\" class=\"wpcf7-form-control wpcf7-text wpcf7-validates-as-required\" aria-required=\"true\" aria-invalid=\"false\" placeholder=\"Entrez votre Objet*\" value=\"\" type=\"text\" name=\"YourSubject\" \/><\/span>\n\t\t\t<\/p>\n\t\t<\/div>\n\t<\/div>\n\t<div class=\"col-lg-12\">\n\t\t<div class=\"form-box write-icon mb-30\">\n\t\t\t<p><span class=\"wpcf7-form-control-wrap\" data-name=\"YourMessage\"><textarea cols=\"40\" rows=\"10\" maxlength=\"2000\" class=\"wpcf7-form-control wpcf7-textarea\" aria-invalid=\"false\" placeholder=\"Entrez votre Message*\" name=\"YourMessage\"><\/textarea><\/span>\n\t\t\t<\/p>\n\t\t<\/div>\n\t\t<p><small>* Champs obligatoire<\/small>\n\t\t<\/p>\n\t\t<div class=\"contact-btn text-center\">\n\t\t\t<p><input class=\"wpcf7-form-control wpcf7-submit has-spinner btn btn-icon ml-0\" type=\"submit\" value=\"Envoyer\" \/>\n\t\t\t<\/p>\n\t\t<\/div>\n\t<\/div>\n<\/div><input type='hidden' class='wpcf7-pum' value='{\"closepopup\":false,\"closedelay\":0,\"openpopup\":false,\"openpopup_id\":0}' \/><div class=\"wpcf7-response-output\" aria-hidden=\"true\"><\/div>\n<input type=\"hidden\" name=\"trp-form-language\" value=\"en\"\/><\/form>\n<\/div>\n                    <\/div>\r\n                <\/div>\r\n            <\/div>\r\n        <\/section>\r\n        \t\r\n\t\t\t<\/div>\n\t\t\t\t<\/div>\n\t\t\t\t\t<\/div>\n\t\t<\/div>\n\t\t\t\t\t<\/div>\n\t\t<\/section>\n\t\t\t\t<\/div>","protected":false},"excerpt":{"rendered":"<p> [&hellip;]<\/p>\n","protected":false},"author":1,"featured_media":0,"parent":0,"menu_order":0,"comment_status":"closed","ping_status":"closed","template":"elementor_header_footer","meta":{"_monsterinsights_skip_tracking":false,"_monsterinsights_sitenote_active":false,"_monsterinsights_sitenote_note":"","_monsterinsights_sitenote_category":0,"footnotes":""},"class_list":["post-18","page","type-page","status-publish","hentry"],"acf":[],"_links":{"self":[{"href":"https:\/\/formations-pierre-flamion.com\/en\/wp-json\/wp\/v2\/pages\/18","targetHints":{"allow":["GET"]}}],"collection":[{"href":"https:\/\/formations-pierre-flamion.com\/en\/wp-json\/wp\/v2\/pages"}],"about":[{"href":"https:\/\/formations-pierre-flamion.com\/en\/wp-json\/wp\/v2\/types\/page"}],"author":[{"embeddable":true,"href":"https:\/\/formations-pierre-flamion.com\/en\/wp-json\/wp\/v2\/users\/1"}],"replies":[{"embeddable":true,"href":"https:\/\/formations-pierre-flamion.com\/en\/wp-json\/wp\/v2\/comments?post=18"}],"version-history":[{"count":19,"href":"https:\/\/formations-pierre-flamion.com\/en\/wp-json\/wp\/v2\/pages\/18\/revisions"}],"predecessor-version":[{"id":19499,"href":"https:\/\/formations-pierre-flamion.com\/en\/wp-json\/wp\/v2\/pages\/18\/revisions\/19499"}],"wp:attachment":[{"href":"https:\/\/formations-pierre-flamion.com\/en\/wp-json\/wp\/v2\/media?parent=18"}],"curies":[{"name":"wp","href":"https:\/\/api.w.org\/{rel}","templated":true}]}}