{"id":1755,"date":"2021-04-30T06:25:24","date_gmt":"2021-04-30T06:25:24","guid":{"rendered":"https:\/\/www.devsnews.com\/wp\/medidove\/about-03-copy\/"},"modified":"2024-06-19T12:36:08","modified_gmt":"2024-06-19T12:36:08","slug":"a-propos-pierre-flamion","status":"publish","type":"page","link":"https:\/\/formations-pierre-flamion.com\/en\/a-propos-pierre-flamion\/","title":{"rendered":"Pierre Flamion"},"content":{"rendered":"<div data-elementor-type=\"wp-post\" data-elementor-id=\"1755\" class=\"elementor elementor-1755\">\n\t\t\t\t\t\t<section class=\"elementor-section elementor-top-section elementor-element elementor-element-f3c7b33 elementor-section-boxed elementor-section-height-default elementor-section-height-default\" data-id=\"f3c7b33\" data-element_type=\"section\">\n\t\t\t\t\t\t<div class=\"elementor-container elementor-column-gap-default\">\n\t\t\t\t\t<div class=\"elementor-column elementor-col-100 elementor-top-column elementor-element elementor-element-0ceadf8\" data-id=\"0ceadf8\" data-element_type=\"column\">\n\t\t\t<div class=\"elementor-widget-wrap elementor-element-populated\">\n\t\t\t\t\t\t<div class=\"elementor-element elementor-element-762fa11 elementor-align-center elementor-widget elementor-widget-bdevs-heading\" data-id=\"762fa11\" data-element_type=\"widget\" data-widget_type=\"bdevs-heading.default\">\n\t\t\t\t<div class=\"elementor-widget-container\">\n\t\t\t\t\t\t<div class=\"section-title pos-rel tp-el-content\">\r\n\r\n\t\t\t\t\r\n\t\t\t\t<div class=\"section-text pos-rel\">\r\n\t\t\t\t\t\r\n\t\t\t\t\t<h2 class=\"sec-title tp-el-title\">Parcours professionnel de Pierre Flamion\n<\/h2>\r\n\t\t\t\t\t\t\t\t\t\t\t<p>Plac\u00e9 sous le signe de la sant\u00e9<\/p>\r\n\t\t\t\t\t\t\t\t\t<\/div>\r\n\r\n\t\t\t\t\t\t\t<\/div>\r\n\r\n\t\t\t\t<\/div>\n\t\t\t\t<\/div>\n\t\t\t\t<div class=\"elementor-element elementor-element-e9119f1 elementor-widget elementor-widget-timeline-widget-addon\" data-id=\"e9119f1\" data-element_type=\"widget\" data-widget_type=\"timeline-widget-addon.default\">\n\t\t\t\t<div class=\"elementor-widget-container\">\n\t\t\t<!-- ========= Timeline Widget Addon For Elementor 1.6.24 ========= -->\n<div id=\"twae-wrapper-e9119f1\" class=\"twae-vertical twae-wrapper  twae-both-sided\">   \n    <div class=\"twae-start\"><\/div>    \n    <div id=\"twea-timeline-e9119f1\" class=\"twae-timeline\" ><!-- Start of Story Repeater Content --><div id=\"story-32c09aa\" class=\"twae-story twae-repeater-item twae-story-right twae-story-no-icon\"><!-- Story Label --><div class=\"twae-labels\"><div class=\"twae-label-big\">1982<\/div><\/div><!-- Story Icon Dot --><div class=\"twae-icondot\"><\/div><!-- Story Arrow --><div class=\"twae-arrow\"><\/div><!-- Start of Story Content --><div class=\"twae-content\"><!-- Story Title --><div class=\"twae-title\">D\u00e9but de carri\u00e8re comme agent hospitalier<\/div><!-- Story Description --><div class=\"twae-description\"><p>Il gravit ensuite plusieurs \u00e9chelons pour devenir <strong>Infirmier Dipl\u00f4m\u00e9 d\u2019\u00c9tat (IDE)<\/strong> <strong>en r\u00e9animation chirurgie cardiaque<\/strong> au CHU Henri Mondor \u00e0 Cr\u00e9teil.<\/p><\/div><\/div><\/div><!-- Start of Story Repeater Content --><div id=\"story-515ab71\" class=\"twae-story twae-repeater-item twae-story-left twae-story-no-icon\"><!-- Story Label --><div class=\"twae-labels\"><div class=\"twae-label-big\">1997<\/div><\/div><!-- Story Icon Dot --><div class=\"twae-icondot\"><\/div><!-- Story Arrow --><div class=\"twae-arrow\"><\/div><!-- Start of Story Content --><div class=\"twae-content\"><!-- Story Title --><div class=\"twae-title\">Devient infirmier anesth\u00e9siste<\/div><!-- Story Description --><div class=\"twae-description\"><p>Il est en fonction comme <strong>infirmier anesth\u00e9siste<\/strong> au SAMU 92 puis au Samu 94.<\/p><p>En parall\u00e8le, il <strong>anime des formations<\/strong> au CESU 94, en tant que formateur sur l\u2019urgence, il participe entre autres \u00e0 <strong>l\u2019\u00e9laboration du contenu des formations<\/strong> AFGSU au niveau national.<\/p><\/div><\/div><\/div><!-- Start of Story Repeater Content --><div id=\"story-edfbad1\" class=\"twae-story twae-repeater-item twae-story-right twae-story-no-icon\"><!-- Story Label --><div class=\"twae-labels\"><div class=\"twae-label-big\">2010<\/div><\/div><!-- Story Icon Dot --><div class=\"twae-icondot\"><\/div><!-- Story Arrow --><div class=\"twae-arrow\"><\/div><!-- Start of Story Content --><div class=\"twae-content\"><!-- Story Title --><div class=\"twae-title\">Coup de c\u0153ur pour la Provence<\/div><!-- Story Description --><div class=\"twae-description\"><p>Il s\u2019installe dans le <strong>Vaucluse<\/strong>\u00a0et collabore au <strong>d\u00e9veloppement d\u2019une compagnie d\u2019ambulances.<\/strong><\/p><\/div><\/div><\/div><!-- Start of Story Repeater Content --><div id=\"story-7c5d717\" class=\"twae-story twae-repeater-item twae-story-left twae-story-no-icon\"><!-- Story Label --><div class=\"twae-labels\"><div class=\"twae-label-big\">2012<\/div><\/div><!-- Story Icon Dot --><div class=\"twae-icondot\"><\/div><!-- Story Arrow --><div class=\"twae-arrow\"><\/div><!-- Start of Story Content --><div class=\"twae-content\"><!-- Story Title --><div class=\"twae-title\">Cr\u00e9ation d'un organisme de Formation Professionnelle Continue<\/div><!-- Story Description --><div class=\"twae-description\"><p>Homme de terrain, il assure aussi les fonctions d'infirmier aupr\u00e8s de plusieurs compagnies d\u2019assurance et effectue des rapatriements sanitaires dans le monde entier. Il participe aussi \u00e0 la formation du personnel navigant (Formation a\u00e9rom\u00e9dicale) pour l\u2019Institut Mermoz (Air France, Air C\u00f4te d\u2019Ivoire\u2026).<\/p><\/div><\/div><\/div><!-- Start of Story Repeater Content --><div id=\"story-c574cf9\" class=\"twae-story twae-repeater-item twae-story-right twae-story-no-icon\"><!-- Story Icon Dot --><div class=\"twae-icondot\"><\/div><!-- Story Arrow --><div class=\"twae-arrow\"><\/div><!-- Start of Story Content --><div class=\"twae-content\"><!-- Story Title --><div class=\"twae-title\">Cr\u00e9ation de ses premi\u00e8res formations<\/div><!-- Story Description --><div class=\"twae-description\"><p>Les difficult\u00e9s rencontr\u00e9es par les soignants, les obligations de plus en plus pr\u00e9sentes, la souffrance des patients\u2026 Pierre Flamion les connait bien ! De ses trente ann\u00e9es d\u2019exp\u00e9rience, il tire une r\u00e8gle d\u2019or : on ne peut pas am\u00e9liorer le <strong>bien-\u00eatre des personnes soign\u00e9es<\/strong> si on n\u2019am\u00e9liore pas celui des <strong>soignants<\/strong>.<u><\/u><u><\/u><\/p><p class=\"m_2401893419881856454MsoListParagraph\">C\u2019est pour partager et transmettre ses comp\u00e9tences qu'il a cr\u00e9\u00e9 en 2012 ses premi\u00e8res formations pour les professionnels de sant\u00e9 et qu'il<strong>\u00a0devient, \u00e0 ce moment-l\u00e0, conventionn\u00e9 Antenne Cesu\u00a0<\/strong><\/p><\/div><\/div><\/div><!-- Start of Story Repeater Content --><div id=\"story-34253eb\" class=\"twae-story twae-repeater-item twae-story-left twae-story-no-icon\"><!-- Story Label --><div class=\"twae-labels\"><div class=\"twae-label-big\">2015<\/div><\/div><!-- Story Icon Dot --><div class=\"twae-icondot\"><\/div><!-- Story Arrow --><div class=\"twae-arrow\"><\/div><!-- Start of Story Content --><div class=\"twae-content\"><!-- Story Title --><div class=\"twae-title\">Label qualit\u00e9 DATADOCK<\/div><!-- Story Description --><div class=\"twae-description\"><p>L\u2019organisme met en place une charte de qualit\u00e9 correspondant aux attentes de l\u2019institution <strong>\u00ab DATADOCK \u00bb<\/strong> et <strong>obtient la lab\u00e9lisation<\/strong>.<u><\/u><u><\/u><\/p><\/div><\/div><\/div><!-- Start of Story Repeater Content --><div id=\"story-589993b\" class=\"twae-story twae-repeater-item twae-story-right twae-story-no-icon\"><!-- Story Label --><div class=\"twae-labels\"><div class=\"twae-label-big\">2017<\/div><\/div><!-- Story Icon Dot --><div class=\"twae-icondot\"><\/div><!-- Story Arrow --><div class=\"twae-arrow\"><\/div><!-- Start of Story Content --><div class=\"twae-content\"><!-- Story Title --><div class=\"twae-title\">La structure a bien grandi<\/div><!-- Story Description --><div class=\"twae-description\"><p>Des formations dispens\u00e9es dans de nombreux h\u00f4pitaux, maisons de retraite et centres de sant\u00e9<\/p><p>Plus de 1000 professionnels de sant\u00e9 form\u00e9s sur diff\u00e9rentes comp\u00e9tences<\/p><p>Une \u00e9quipe de 25 passionn\u00e9s qui a pour leitmotiv :\u00a0<strong>L\u2019humain avant tout<\/strong><\/p><\/div><\/div><\/div><!-- Start of Story Repeater Content --><div id=\"story-f647499\" class=\"twae-story twae-repeater-item twae-story-left twae-story-no-icon\"><!-- Story Label --><div class=\"twae-labels\"><div class=\"twae-label-big\">2020<\/div><\/div><!-- Story Icon Dot --><div class=\"twae-icondot\"><\/div><!-- Story Arrow --><div class=\"twae-arrow\"><\/div><!-- Start of Story Content --><div class=\"twae-content\"><!-- Story Title --><div class=\"twae-title\">Certificat QUALIOPI<\/div><!-- Story Description --><div class=\"twae-description\"><div class=\"fusion-fullwidth fullwidth-box fusion-parallax-none fusion-equal-height-columns\"><div class=\"fusion-row\"><p>Suite aux recommandations minist\u00e9rielles, de nouveaux process ont \u00e9t\u00e9 demand\u00e9s aux organismes de formation. Obtention du <b>Certificat QUALIOPI.<\/b><u><\/u><u><\/u><\/p><\/div><\/div><\/div><\/div><\/div><!-- Start of Story Repeater Content --><div id=\"story-2adeaa3\" class=\"twae-story twae-repeater-item twae-story-right twae-story-no-icon\"><!-- Story Label --><div class=\"twae-labels\"><div class=\"twae-label-big\">2022<\/div><\/div><!-- Story Icon Dot --><div class=\"twae-icondot\"><\/div><!-- Story Arrow --><div class=\"twae-arrow\"><\/div><!-- Start of Story Content --><div class=\"twae-content\"><!-- Story Title --><div class=\"twae-title\">Pour la suite ...<\/div><!-- Story Description --><div class=\"twae-description\"><div class=\"fusion-fullwidth fullwidth-box fusion-parallax-none fusion-equal-height-columns\"><div class=\"fusion-row\"><p>Toujours \u00e0 l\u2019\u00e9coute des professionnels et dans le but de nous renouveler constamment, Les Formations Pierre FLAMION <strong>mettent\u00a0en place r\u00e9guli\u00e8rement de nouvelles th\u00e9matiques<\/strong> comme par exemple, les th\u00e9rapies alternatives\u00a0: Aromath\u00e9rapie, Sophrologie, Toucher Massage, Hypnose, Self D\u00e9fense dans la Gestion de l\u2019agressivit\u00e9\u2026<\/p><p>En fonction de vos probl\u00e9matiques, une r\u00e9ponse adapt\u00e9e \u00e0 vos besoins vous sera propos\u00e9e !<u><\/u><u><\/u><\/p><\/div><\/div><\/div><\/div><\/div><\/div>\n    <div class=\"twae-end\"><\/div>\n    <\/div><style type=\"text\/css\">@media (max-width: 1024px){ .twae-wrapper{--tw-ybx-size: 80px !important;}}@media (max-width: 767px){ .twae-wrapper{--tw-ybx-size: 80px !important}}<\/style>\t\t<\/div>\n\t\t\t\t<\/div>\n\t\t\t\t\t<\/div>\n\t\t<\/div>\n\t\t\t\t\t<\/div>\n\t\t<\/section>\n\t\t<div class=\"elementor-element elementor-element-ffdc60a e-flex e-con-boxed e-con e-parent\" data-id=\"ffdc60a\" data-element_type=\"container\">\n\t\t\t\t\t<div class=\"e-con-inner\">\n\t\t\t\t<div class=\"elementor-element elementor-element-34e9afa elementor-align-center elementor-widget elementor-widget-bdevs-heading\" data-id=\"34e9afa\" data-element_type=\"widget\" data-widget_type=\"bdevs-heading.default\">\n\t\t\t\t<div class=\"elementor-widget-container\">\n\t\t\t\t\t\t<div class=\"section-title pos-rel tp-el-content\">\r\n\r\n\t\t\t\t\r\n\t\t\t\t<div class=\"section-text pos-rel\">\r\n\t\t\t\t\t\t\t\t\t\t\t<h5 class=\"tp-el-subtitle\">Ce qui nous anime<\/h5>\r\n\t\t\t\t\t\r\n\t\t\t\t\t<h2 class=\"sec-title tp-el-title\">Nos principes<\/h2>\r\n\t\t\t\t\t\t\t\t\t<\/div>\r\n\r\n\t\t\t\t\t\t\t<\/div>\r\n\r\n\t\t\t\t<\/div>\n\t\t\t\t<\/div>\n\t\t\t\t\t<\/div>\n\t\t\t\t<\/div>\n\t\t<div class=\"elementor-element elementor-element-ae7e08a e-flex e-con-boxed e-con e-parent\" data-id=\"ae7e08a\" data-element_type=\"container\">\n\t\t\t\t\t<div class=\"e-con-inner\">\n\t\t\t\t<div class=\"elementor-element elementor-element-32746d3 elementor-position-top elementor-widget__width-initial elementor-position-top elementor-widget elementor-widget-image-box\" data-id=\"32746d3\" data-element_type=\"widget\" data-widget_type=\"image-box.default\">\n\t\t\t\t<div class=\"elementor-widget-container\">\n\t\t\t<div class=\"elementor-image-box-wrapper\"><figure class=\"elementor-image-box-img\"><img decoding=\"async\" width=\"128\" height=\"128\" src=\"https:\/\/formations-pierre-flamion.com\/wp-content\/uploads\/2024\/04\/reactivite.png\" class=\"attachment-large size-large wp-image-18323\" alt=\"\" \/><\/figure><div class=\"elementor-image-box-content\"><h3 class=\"elementor-image-box-title\">R\u00e9activit\u00e9<\/h3><\/div><\/div>\t\t<\/div>\n\t\t\t\t<\/div>\n\t\t\t\t<div class=\"elementor-element elementor-element-f661ce8 elementor-position-top elementor-widget__width-initial elementor-position-top elementor-widget elementor-widget-image-box\" data-id=\"f661ce8\" data-element_type=\"widget\" data-widget_type=\"image-box.default\">\n\t\t\t\t<div class=\"elementor-widget-container\">\n\t\t\t<div class=\"elementor-image-box-wrapper\"><figure class=\"elementor-image-box-img\"><img decoding=\"async\" width=\"128\" height=\"128\" src=\"https:\/\/formations-pierre-flamion.com\/wp-content\/uploads\/2024\/04\/ecoute.png\" class=\"attachment-large size-large wp-image-18322\" alt=\"\" \/><\/figure><div class=\"elementor-image-box-content\"><h3 class=\"elementor-image-box-title\">\u00c9coute<\/h3><\/div><\/div>\t\t<\/div>\n\t\t\t\t<\/div>\n\t\t\t\t<div class=\"elementor-element elementor-element-a89e61e elementor-position-top elementor-widget__width-initial elementor-position-top elementor-widget elementor-widget-image-box\" data-id=\"a89e61e\" data-element_type=\"widget\" data-widget_type=\"image-box.default\">\n\t\t\t\t<div class=\"elementor-widget-container\">\n\t\t\t<div class=\"elementor-image-box-wrapper\"><figure class=\"elementor-image-box-img\"><img decoding=\"async\" width=\"128\" height=\"128\" src=\"https:\/\/formations-pierre-flamion.com\/wp-content\/uploads\/2024\/04\/competence.png\" class=\"attachment-large size-large wp-image-18321\" alt=\"\" \/><\/figure><div class=\"elementor-image-box-content\"><h3 class=\"elementor-image-box-title\">Expertise<\/h3><\/div><\/div>\t\t<\/div>\n\t\t\t\t<\/div>\n\t\t\t\t<div class=\"elementor-element elementor-element-365163e elementor-position-top elementor-widget__width-initial elementor-position-top elementor-widget elementor-widget-image-box\" data-id=\"365163e\" data-element_type=\"widget\" data-widget_type=\"image-box.default\">\n\t\t\t\t<div class=\"elementor-widget-container\">\n\t\t\t<div class=\"elementor-image-box-wrapper\"><figure class=\"elementor-image-box-img\"><img loading=\"lazy\" decoding=\"async\" width=\"256\" height=\"256\" src=\"https:\/\/formations-pierre-flamion.com\/wp-content\/uploads\/2024\/04\/construction.png\" class=\"attachment-large size-large wp-image-18687\" alt=\"\" srcset=\"https:\/\/formations-pierre-flamion.com\/wp-content\/uploads\/2024\/04\/construction.png 256w, https:\/\/formations-pierre-flamion.com\/wp-content\/uploads\/2024\/04\/construction-150x150.png 150w, https:\/\/formations-pierre-flamion.com\/wp-content\/uploads\/2024\/04\/construction-12x12.png 12w\" sizes=\"(max-width: 256px) 100vw, 256px\" \/><\/figure><div class=\"elementor-image-box-content\"><h3 class=\"elementor-image-box-title\">P\u00e9dagogie<\/h3><\/div><\/div>\t\t<\/div>\n\t\t\t\t<\/div>\n\t\t\t\t<div class=\"elementor-element elementor-element-1c092c2 elementor-position-top elementor-widget__width-initial elementor-position-top elementor-widget elementor-widget-image-box\" data-id=\"1c092c2\" data-element_type=\"widget\" data-widget_type=\"image-box.default\">\n\t\t\t\t<div class=\"elementor-widget-container\">\n\t\t\t<div class=\"elementor-image-box-wrapper\"><figure class=\"elementor-image-box-img\"><img loading=\"lazy\" decoding=\"async\" width=\"128\" height=\"128\" src=\"https:\/\/formations-pierre-flamion.com\/wp-content\/uploads\/2024\/04\/linteractivite.png\" class=\"attachment-large size-large wp-image-18319\" alt=\"\" \/><\/figure><div class=\"elementor-image-box-content\"><h3 class=\"elementor-image-box-title\">Interactivit\u00e9<\/h3><\/div><\/div>\t\t<\/div>\n\t\t\t\t<\/div>\n\t\t\t\t<div class=\"elementor-element elementor-element-c820a85 elementor-position-top elementor-widget__width-initial elementor-position-top elementor-widget elementor-widget-image-box\" data-id=\"c820a85\" data-element_type=\"widget\" data-widget_type=\"image-box.default\">\n\t\t\t\t<div class=\"elementor-widget-container\">\n\t\t\t<div class=\"elementor-image-box-wrapper\"><figure class=\"elementor-image-box-img\"><img loading=\"lazy\" decoding=\"async\" width=\"128\" height=\"128\" src=\"https:\/\/formations-pierre-flamion.com\/wp-content\/uploads\/2024\/04\/quality-control.png\" class=\"attachment-large size-large wp-image-18317\" alt=\"\" \/><\/figure><div class=\"elementor-image-box-content\"><h3 class=\"elementor-image-box-title\">D\u00e9marche qualit\u00e9<\/h3><\/div><\/div>\t\t<\/div>\n\t\t\t\t<\/div>\n\t\t\t\t<div class=\"elementor-element elementor-element-69b76de elementor-position-top elementor-widget__width-initial elementor-position-top elementor-widget elementor-widget-image-box\" data-id=\"69b76de\" data-element_type=\"widget\" data-widget_type=\"image-box.default\">\n\t\t\t\t<div class=\"elementor-widget-container\">\n\t\t\t<div class=\"elementor-image-box-wrapper\"><figure class=\"elementor-image-box-img\"><img loading=\"lazy\" decoding=\"async\" width=\"128\" height=\"128\" src=\"https:\/\/formations-pierre-flamion.com\/wp-content\/uploads\/2024\/04\/valeur.png\" class=\"attachment-large size-large wp-image-18318\" alt=\"\" \/><\/figure><div class=\"elementor-image-box-content\"><h3 class=\"elementor-image-box-title\">Sens des valeurs<\/h3><\/div><\/div>\t\t<\/div>\n\t\t\t\t<\/div>\n\t\t\t\t<div class=\"elementor-element elementor-element-67e152c elementor-position-top elementor-widget__width-initial elementor-position-top elementor-widget elementor-widget-image-box\" data-id=\"67e152c\" data-element_type=\"widget\" data-widget_type=\"image-box.default\">\n\t\t\t\t<div class=\"elementor-widget-container\">\n\t\t\t<div class=\"elementor-image-box-wrapper\"><figure class=\"elementor-image-box-img\"><img loading=\"lazy\" decoding=\"async\" width=\"128\" height=\"128\" src=\"https:\/\/formations-pierre-flamion.com\/wp-content\/uploads\/2024\/04\/ethique.png\" class=\"attachment-large size-large wp-image-18316\" alt=\"\" \/><\/figure><div class=\"elementor-image-box-content\"><h3 class=\"elementor-image-box-title\">\u00c9thique<\/h3><\/div><\/div>\t\t<\/div>\n\t\t\t\t<\/div>\n\t\t\t\t\t<\/div>\n\t\t\t\t<\/div>\n\t\t\t\t<\/div>","protected":false},"excerpt":{"rendered":"<p> [&hellip;]<\/p>\n","protected":false},"author":1,"featured_media":0,"parent":0,"menu_order":0,"comment_status":"closed","ping_status":"closed","template":"elementor_header_footer","meta":{"_monsterinsights_skip_tracking":false,"_monsterinsights_sitenote_active":false,"_monsterinsights_sitenote_note":"","_monsterinsights_sitenote_category":0,"footnotes":""},"class_list":["post-1755","page","type-page","status-publish","hentry"],"acf":[],"_links":{"self":[{"href":"https:\/\/formations-pierre-flamion.com\/en\/wp-json\/wp\/v2\/pages\/1755","targetHints":{"allow":["GET"]}}],"collection":[{"href":"https:\/\/formations-pierre-flamion.com\/en\/wp-json\/wp\/v2\/pages"}],"about":[{"href":"https:\/\/formations-pierre-flamion.com\/en\/wp-json\/wp\/v2\/types\/page"}],"author":[{"embeddable":true,"href":"https:\/\/formations-pierre-flamion.com\/en\/wp-json\/wp\/v2\/users\/1"}],"replies":[{"embeddable":true,"href":"https:\/\/formations-pierre-flamion.com\/en\/wp-json\/wp\/v2\/comments?post=1755"}],"version-history":[{"count":97,"href":"https:\/\/formations-pierre-flamion.com\/en\/wp-json\/wp\/v2\/pages\/1755\/revisions"}],"predecessor-version":[{"id":19287,"href":"https:\/\/formations-pierre-flamion.com\/en\/wp-json\/wp\/v2\/pages\/1755\/revisions\/19287"}],"wp:attachment":[{"href":"https:\/\/formations-pierre-flamion.com\/en\/wp-json\/wp\/v2\/media?parent=1755"}],"curies":[{"name":"wp","href":"https:\/\/api.w.org\/{rel}","templated":true}]}}